{"id":214572,"date":"2025-05-04T02:10:37","date_gmt":"2025-05-04T02:10:37","guid":{"rendered":"https:\/\/baronguyen.com\/?page_id=214572"},"modified":"2025-05-12T06:30:18","modified_gmt":"2025-05-12T06:30:18","slug":"home","status":"publish","type":"page","link":"https:\/\/baronguyen.com\/","title":{"rendered":"Home"},"content":{"rendered":"<p>[et_pb_section fb_built=&#8221;1&#8243; admin_label=&#8221;Header&#8221; _builder_version=&#8221;4.16&#8243; background_color=&#8221;#2130b7&#8243; use_background_color_gradient=&#8221;on&#8221; background_color_gradient_type=&#8221;circular&#8221; background_color_gradient_stops=&#8221;#2130b7 29%|rgba(33,48,183,0) 100%&#8221; background_color_gradient_overlays_image=&#8221;on&#8221; background_color_gradient_start=&#8221;#2130b7&#8243; background_color_gradient_start_position=&#8221;29%&#8221; background_color_gradient_end=&#8221;rgba(33,48,183,0)&#8221; background_image=&#8221;http:\/\/baronguyen.com\/wp-content\/uploads\/2025\/05\/software-35.png&#8221; custom_margin=&#8221;||||false&#8221; custom_padding=&#8221;16vw||16vw||true|false&#8221; global_colors_info=&#8221;{}&#8221;][et_pb_row custom_padding_last_edited=&#8221;on|tablet&#8221; _builder_version=&#8221;4.16&#8243; max_width=&#8221;80%&#8221; custom_padding=&#8221;0px|0px|0|0px|false|false&#8221; custom_padding_tablet=&#8221;40px||40px||true&#8221; custom_padding_phone=&#8221;&#8221; use_custom_width=&#8221;on&#8221; width_unit=&#8221;off&#8221; global_colors_info=&#8221;{}&#8221;][et_pb_column type=&#8221;4_4&#8243; _builder_version=&#8221;4.16&#8243; custom_padding=&#8221;|||&#8221; global_colors_info=&#8221;{}&#8221; custom_padding__hover=&#8221;|||&#8221;][et_pb_text _builder_version=&#8221;4.16&#8243; text_font=&#8221;||||||||&#8221; header_font=&#8221;Poppins|600|||||||&#8221; header_font_size=&#8221;3.5vw&#8221; header_line_height=&#8221;1.5em&#8221; text_orientation=&#8221;center&#8221; background_layout=&#8221;dark&#8221; max_width=&#8221;55%&#8221; max_width_tablet=&#8221;&#8221; max_width_phone=&#8221;&#8221; max_width_last_edited=&#8221;on|desktop&#8221; module_alignment=&#8221;center&#8221; custom_margin=&#8221;||20px&#8221; animation_style=&#8221;fade&#8221; header_font_size_tablet=&#8221;38px&#8221; header_font_size_phone=&#8221;28px&#8221; header_font_size_last_edited=&#8221;on|phone&#8221; header_text_shadow_style=&#8221;preset3&#8243; header_text_shadow_vertical_length=&#8221;0.3em&#8221; header_text_shadow_blur_strength=&#8221;1.4em&#8221; header_text_shadow_color=&#8221;rgba(0,0,0,0.24)&#8221; global_colors_info=&#8221;{}&#8221; header_3_font_size__hover=&#8221;22px&#8221; header_3_font_size__hover_enabled=&#8221;22px&#8221; header_3_letter_spacing__hover=&#8221;0px&#8221; header_3_letter_spacing__hover_enabled=&#8221;0px&#8221; header_3_line_height__hover=&#8221;1em&#8221; header_3_line_height__hover_enabled=&#8221;1em&#8221; header_3_text_shadow_style__hover=&#8221;none&#8221; header_3_text_shadow_style__hover_enabled=&#8221;none&#8221; header_3_text_shadow_color__hover=&#8221;rgba(0,0,0,0.4)&#8221; header_3_text_shadow_color__hover_enabled=&#8221;rgba(0,0,0,0.4)&#8221;]<\/p>\n<h1>H\u1ecdc AI d\u1ec5 hi\u1ec3u \u2013 \u1ee8ng d\u1ee5ng ngay v\u00e0o c\u00f4ng vi\u1ec7c!<\/h1>\n<p>[\/et_pb_text][et_pb_text _builder_version=&#8221;4.16&#8243; text_font=&#8221;||||||||&#8221; text_font_size=&#8221;16px&#8221; text_line_height=&#8221;2em&#8221; text_orientation=&#8221;center&#8221; background_layout=&#8221;dark&#8221; max_width=&#8221;50%&#8221; max_width_tablet=&#8221;&#8221; max_width_phone=&#8221;&#8221; max_width_last_edited=&#8221;on|tablet&#8221; module_alignment=&#8221;center&#8221; custom_margin=&#8221;||60px&#8221; custom_margin_tablet=&#8221;||30px&#8221; custom_margin_phone=&#8221;&#8221; custom_margin_last_edited=&#8221;on|desktop&#8221; text_font_size_tablet=&#8221;&#8221; text_font_size_phone=&#8221;14px&#8221; text_font_size_last_edited=&#8221;on|phone&#8221; global_colors_info=&#8221;{}&#8221;]<\/p>\n<p>T\u00e0i nguy\u00ean gi\u00fap b\u1ea1n b\u1eaft \u0111\u1ea7u v\u1edbi AI, kh\u00f4ng c\u1ea7n n\u1ec1n t\u1ea3ng l\u1eadp tr\u00ecnh.<\/p>\n<p>[\/et_pb_text][et_pb_button button_text=&#8221;Nh\u1eadn t\u00e0i li\u1ec7u mi\u1ec5n ph\u00ed&#8221; button_alignment=&#8221;center&#8221; _builder_version=&#8221;4.27.4&#8243; custom_button=&#8221;on&#8221; button_text_size=&#8221;16px&#8221; button_text_color=&#8221;#ffffff&#8221; button_bg_color=&#8221;#091c4f&#8221; button_border_color=&#8221;rgba(0,0,0,0)&#8221; button_border_radius=&#8221;100px&#8221; button_letter_spacing=&#8221;2px&#8221; button_font=&#8221;Poppins|600|||||||&#8221; button_use_icon=&#8221;off&#8221; custom_padding=&#8221;16px|32px|16px|32px|true|true&#8221; box_shadow_style=&#8221;preset1&#8243; box_shadow_vertical=&#8221;20px&#8221; box_shadow_blur=&#8221;71px&#8221; box_shadow_spread=&#8221;-14px&#8221; box_shadow_color=&#8221;#091c4f&#8221; button_letter_spacing_hover=&#8221;2px&#8221; global_colors_info=&#8221;{}&#8221; button_text_size__hover_enabled=&#8221;off&#8221; button_one_text_size__hover_enabled=&#8221;off&#8221; button_two_text_size__hover_enabled=&#8221;off&#8221; button_text_color__hover_enabled=&#8221;off&#8221; button_one_text_color__hover_enabled=&#8221;off&#8221; button_two_text_color__hover_enabled=&#8221;off&#8221; button_border_width__hover_enabled=&#8221;off&#8221; button_one_border_width__hover_enabled=&#8221;off&#8221; button_two_border_width__hover_enabled=&#8221;off&#8221; button_border_color__hover_enabled=&#8221;off&#8221; button_one_border_color__hover_enabled=&#8221;off&#8221; button_two_border_color__hover_enabled=&#8221;off&#8221; button_border_radius__hover_enabled=&#8221;off&#8221; button_one_border_radius__hover_enabled=&#8221;off&#8221; button_two_border_radius__hover_enabled=&#8221;off&#8221; button_letter_spacing__hover_enabled=&#8221;on&#8221; button_letter_spacing__hover=&#8221;2px&#8221; button_one_letter_spacing__hover_enabled=&#8221;off&#8221; button_two_letter_spacing__hover_enabled=&#8221;off&#8221; button_bg_color__hover_enabled=&#8221;off&#8221; button_one_bg_color__hover_enabled=&#8221;off&#8221; button_two_bg_color__hover_enabled=&#8221;off&#8221;][\/et_pb_button][\/et_pb_column][\/et_pb_row][\/et_pb_section][et_pb_section fb_built=&#8221;1&#8243; admin_label=&#8221;Features&#8221; _builder_version=&#8221;4.16&#8243; global_colors_info=&#8221;{}&#8221;][et_pb_row _builder_version=&#8221;4.16&#8243; locked=&#8221;off&#8221; global_colors_info=&#8221;{}&#8221;][et_pb_column type=&#8221;4_4&#8243; _builder_version=&#8221;4.16&#8243; custom_padding=&#8221;|||&#8221; global_colors_info=&#8221;{}&#8221; custom_padding__hover=&#8221;|||&#8221;][et_pb_team_member name=&#8221;Xin ch\u00e0o, t\u00f4i l\u00e0 Baro (Bao) Nguyen&#8221; image_url=&#8221;http:\/\/baronguyen.com\/wp-content\/uploads\/2025\/05\/ava_cyberpunk.png&#8221; _builder_version=&#8221;4.27.4&#8243; _module_preset=&#8221;default&#8221; global_colors_info=&#8221;{}&#8221;]<\/p>\n<p data-start=\"157\" data-end=\"450\" class=\"\">T\u00f4i c\u00f3 h\u01a1n 10 n\u0103m trong ng\u00e0nh IT \u2013 t\u1eeb l\u1eadp tr\u00ecnh vi\u00ean, k\u1ef9 s\u01b0 c\u1ea7u n\u1ed1i, qu\u1ea3n l\u00fd d\u1ef1 \u00e1n \u0111\u1ebfn CEO c\u00f4ng ty ph\u1ea7n m\u1ec1m chuy\u00ean cho th\u1ecb tr\u01b0\u1eddng Nh\u1eadt.<br data-start=\"292\" data-end=\"295\" \/>Ch\u00fang t\u00f4i \u0111\u00e3 bi\u1ebfn <strong data-start=\"313\" data-end=\"331\">h\u01a1n 50 \u00fd t\u01b0\u1edfng<\/strong> th\u00e0nh s\u1ea3n ph\u1ea9m th\u1ef1c t\u1ebf, gi\u00fap kh\u00e1ch h\u00e0ng t\u1ea1i Tokyo, Osaka\u2026 <strong data-start=\"390\" data-end=\"449\">t\u1ef1 \u0111\u1ed9ng h\u00f3a quy tr\u00ecnh, ti\u1ebft ki\u1ec7m 40% th\u1eddi gian v\u1eadn h\u00e0nh<\/strong>.<\/p>\n<p data-start=\"452\" data-end=\"538\" class=\"\">L\u00e0m vi\u1ec7c v\u1edbi ng\u01b0\u1eddi Nh\u1eadt gi\u00fap t\u00f4i hi\u1ec3u s\u00e2u v\u1ec1 t\u01b0 duy c\u1ea3i ti\u1ebfn \u2013 v\u00e0 t\u00f4i lu\u00f4n tin r\u1eb1ng:<\/p>\n<blockquote data-start=\"539\" data-end=\"661\">\n<p data-start=\"541\" data-end=\"661\" class=\"\"><strong data-start=\"541\" data-end=\"578\">&#8220;Ho\u00e0n thi\u1ec7n tr\u01b0\u1edbc, ho\u00e0n h\u1ea3o sau.&#8221;<\/strong><br data-start=\"578\" data-end=\"581\" \/>Thay v\u00ec ch\u1edd \u0111\u1ee7 gi\u1ecfi m\u1edbi l\u00e0m, t\u00f4i ch\u1ecdn b\u1eaft tay v\u00e0o tr\u01b0\u1edbc r\u1ed3i h\u1ecdc v\u00e0 c\u1ea3i ti\u1ebfn d\u1ea7n.<\/p>\n<\/blockquote>\n<p data-start=\"663\" data-end=\"918\" class=\"\">T\u1eeb tinh th\u1ea7n \u0111\u00f3, t\u00f4i b\u1eaft \u0111\u1ea7u h\u00e0nh tr\u00ecnh \u1ee9ng d\u1ee5ng AI v\u00e0o c\u00f4ng vi\u1ec7c \u2013 kh\u00f4ng l\u00fd thuy\u1ebft su\u00f4ng, m\u00e0 l\u00e0 th\u1ef1c chi\u1ebfn \u0111\u1ec3 <strong data-start=\"774\" data-end=\"790\">X6 n\u0103ng su\u1ea5t<\/strong>.<br data-start=\"791\" data-end=\"794\" \/>\u1ede blog n\u00e0y, t\u00f4i chia s\u1ebb nh\u1eefng g\u00ec m\u00ecnh h\u1ecdc \u0111\u01b0\u1ee3c \u2013 hy v\u1ecdng b\u1ea1n t\u00ecm th\u1ea5y v\u00e0i th\u1ee9 h\u1eefu \u00edch \u0111\u1ec3 kh\u1edfi \u0111\u1ed9ng h\u00e0nh tr\u00ecnh c\u1ee7a ri\u00eang b\u1ea1n.<\/p>\n<p>[\/et_pb_team_member][et_pb_text _builder_version=&#8221;4.27.4&#8243; text_font=&#8221;||||||||&#8221; text_line_height=&#8221;2em&#8221; header_2_font=&#8221;Poppins|600|||||||&#8221; header_2_font_size=&#8221;40px&#8221; header_2_line_height=&#8221;1.4em&#8221; header_3_font=&#8221;Poppins|600||on|||||&#8221; header_3_text_color=&#8221;#ff885a&#8221; header_3_font_size=&#8221;13px&#8221; header_3_letter_spacing=&#8221;2px&#8221; header_3_line_height=&#8221;1.8em&#8221; text_orientation=&#8221;center&#8221; max_width=&#8221;700px&#8221; module_alignment=&#8221;center&#8221; header_2_font_size_tablet=&#8221;26px&#8221; header_2_font_size_phone=&#8221;20px&#8221; header_2_font_size_last_edited=&#8221;on|phone&#8221; locked=&#8221;off&#8221; global_colors_info=&#8221;{}&#8221;]<\/p>\n<h3>BLOG<\/h3>\n<h2>M\u1ed9t s\u1ed1 b\u00e0i vi\u1ebft v\u1ec1 AI<\/h2>\n<p>[\/et_pb_text][\/et_pb_column][\/et_pb_row][et_pb_row column_structure=&#8221;1_4,1_4,1_4,1_4&#8243; _builder_version=&#8221;4.27.4&#8243; _module_preset=&#8221;default&#8221; hover_enabled=&#8221;0&#8243; global_colors_info=&#8221;{}&#8221; sticky_enabled=&#8221;0&#8243; custom_margin=&#8221;|auto|-373px|auto||&#8221;][et_pb_column type=&#8221;1_4&#8243; _builder_version=&#8221;4.27.4&#8243; _module_preset=&#8221;default&#8221; global_colors_info=&#8221;{}&#8221;][et_pb_blurb title=&#8221;Hi\u1ec3u \u0111\u01a1n gi\u1ea3n v\u1ec1 Self-Consistency, Tree-of-Thoughts v\u00e0 RAG \u2013 Nh\u1eefng chi\u1ebfn l\u01b0\u1ee3c Prompt n\u00e2ng cao ai c\u0169ng d\u00f9ng \u0111\u01b0\u1ee3c&#8221; url=&#8221;@ET-DC@eyJkeW5hbWljIjp0cnVlLCJjb250ZW50IjoicG9zdF9saW5rX3VybF9wb3N0Iiwic2V0dGluZ3MiOnsicG9zdF9pZCI6IjIxNjMxNiJ9fQ==@&#8221; url_new_window=&#8221;on&#8221; image=&#8221;http:\/\/baronguyen.com\/wp-content\/uploads\/2025\/05\/ChatGPT-Image-May-12-2025-01_12_00-PM.png&#8221; _builder_version=&#8221;4.27.4&#8243; _dynamic_attributes=&#8221;url,link_option_url&#8221; _module_preset=&#8221;default&#8221; custom_margin=&#8221;||184px|||&#8221; link_option_url=&#8221;@ET-DC@eyJkeW5hbWljIjp0cnVlLCJjb250ZW50IjoicG9zdF9saW5rX3VybF9wb3N0Iiwic2V0dGluZ3MiOnsicG9zdF9pZCI6IjIxNjMxNiJ9fQ==@&#8221; link_option_url_new_window=&#8221;on&#8221; hover_enabled=&#8221;0&#8243; global_colors_info=&#8221;{}&#8221; title_text=&#8221;ChatGPT Image May 12, 2025, 01_12_00 PM&#8221; sticky_enabled=&#8221;0&#8243;][\/et_pb_blurb][\/et_pb_column][et_pb_column type=&#8221;1_4&#8243; _builder_version=&#8221;4.27.4&#8243; _module_preset=&#8221;default&#8221; global_colors_info=&#8221;{}&#8221;][et_pb_blurb title=&#8221;Google Gemini: H\u01b0\u1edbng D\u1eabn Ch\u1ecdn \u0110\u00fang M\u00f4 H\u00ecnh AI Cho Nhi\u1ec7m V\u1ee5 C\u1ee7a B\u1ea1n&#8221; url=&#8221;@ET-DC@eyJkeW5hbWljIjp0cnVlLCJjb250ZW50IjoicG9zdF9saW5rX3VybF9wb3N0Iiwic2V0dGluZ3MiOnsicG9zdF9pZCI6IjIxNjI4OCJ9fQ==@&#8221; url_new_window=&#8221;on&#8221; image=&#8221;http:\/\/baronguyen.com\/wp-content\/uploads\/2025\/05\/ChatGPT-Image-May-9-2025-11_28_54-AM.png&#8221; _builder_version=&#8221;4.27.4&#8243; _dynamic_attributes=&#8221;url,link_option_url&#8221; _module_preset=&#8221;default&#8221; min_height=&#8221;427.4px&#8221; link_option_url=&#8221;@ET-DC@eyJkeW5hbWljIjp0cnVlLCJjb250ZW50IjoicG9zdF9saW5rX3VybF9wb3N0Iiwic2V0dGluZ3MiOnsicG9zdF9pZCI6IjIxNjI4OCJ9fQ==@&#8221; link_option_url_new_window=&#8221;on&#8221; global_colors_info=&#8221;{}&#8221;][\/et_pb_blurb][\/et_pb_column][et_pb_column type=&#8221;1_4&#8243; _builder_version=&#8221;4.27.4&#8243; _module_preset=&#8221;default&#8221; global_colors_info=&#8221;{}&#8221;][et_pb_blurb title=&#8221;Gemini 2.5 Pro I\/O Edition: C\u00f4ng c\u1ee5 AI l\u1eadp tr\u00ecnh h\u00e0ng \u0111\u1ea7u m\u1edbi t\u1eeb Google&#8221; url=&#8221;@ET-DC@eyJkeW5hbWljIjp0cnVlLCJjb250ZW50IjoicG9zdF9saW5rX3VybF9wb3N0Iiwic2V0dGluZ3MiOnsicG9zdF9pZCI6IjIxNjI5NyJ9fQ==@&#8221; url_new_window=&#8221;on&#8221; image=&#8221;http:\/\/baronguyen.com\/wp-content\/uploads\/2025\/05\/ChatGPT-Image-May-10-2025-10_47_50-AM.png&#8221; _builder_version=&#8221;4.27.4&#8243; _dynamic_attributes=&#8221;url,link_option_url&#8221; _module_preset=&#8221;default&#8221; min_height=&#8221;432.3px&#8221; custom_margin=&#8221;||364px|||&#8221; link_option_url=&#8221;@ET-DC@eyJkeW5hbWljIjp0cnVlLCJjb250ZW50IjoicG9zdF9saW5rX3VybF9wb3N0Iiwic2V0dGluZ3MiOnsicG9zdF9pZCI6IjIxNjI5NyJ9fQ==@&#8221; link_option_url_new_window=&#8221;on&#8221; global_colors_info=&#8221;{}&#8221;][\/et_pb_blurb][\/et_pb_column][et_pb_column type=&#8221;1_4&#8243; _builder_version=&#8221;4.27.4&#8243; _module_preset=&#8221;default&#8221; global_colors_info=&#8221;{}&#8221;][et_pb_blurb title=&#8221;H\u01b0\u1edbng D\u1eabn S\u1eed D\u1ee5ng V\u00e0 Qu\u1ea3n L\u00fd Prompt Tr\u00ean Notion Hi\u1ec7u Qu\u1ea3&#8221; url=&#8221;@ET-DC@eyJkeW5hbWljIjp0cnVlLCJjb250ZW50IjoicG9zdF9saW5rX3VybF9wb3N0Iiwic2V0dGluZ3MiOnsicG9zdF9pZCI6IjIxNjMwOCJ9fQ==@&#8221; url_new_window=&#8221;on&#8221; image=&#8221;http:\/\/baronguyen.com\/wp-content\/uploads\/2025\/05\/ChatGPT-Image-May-11-2025-11_34_15-AM.png&#8221; _builder_version=&#8221;4.27.4&#8243; _dynamic_attributes=&#8221;url,link_option_url&#8221; _module_preset=&#8221;default&#8221; custom_padding=&#8221;||0px|||&#8221; link_option_url=&#8221;@ET-DC@eyJkeW5hbWljIjp0cnVlLCJjb250ZW50IjoicG9zdF9saW5rX3VybF9wb3N0Iiwic2V0dGluZ3MiOnsicG9zdF9pZCI6IjIxNjMwOCJ9fQ==@&#8221; link_option_url_new_window=&#8221;on&#8221; global_colors_info=&#8221;{}&#8221;][\/et_pb_blurb][\/et_pb_column][\/et_pb_row][\/et_pb_section][et_pb_section fb_built=&#8221;1&#8243; admin_label=&#8221;Footer&#8221; _builder_version=&#8221;4.27.4&#8243; background_color_gradient_direction=&#8221;148deg&#8221; background_image=&#8221;http:\/\/baronguyen.com\/wp-content\/uploads\/2025\/05\/software-10.png&#8221; background_position=&#8221;top_center&#8221; custom_padding=&#8221;14vw||8vw||false|false&#8221; locked=&#8221;off&#8221; global_colors_info=&#8221;{}&#8221;][et_pb_row column_structure=&#8221;1_2,1_2&#8243; _builder_version=&#8221;4.16&#8243; background_color=&#8221;#ffffff&#8221; custom_padding=&#8221;60px|40px|40px|40px|false|true&#8221; border_radii=&#8221;on|10px|10px|10px|10px&#8221; box_shadow_style=&#8221;preset3&#8243; box_shadow_vertical=&#8221;10px&#8221; box_shadow_blur=&#8221;80px&#8221; box_shadow_spread=&#8221;-10px&#8221; box_shadow_color=&#8221;rgba(44,54,92,0.2)&#8221; global_colors_info=&#8221;{}&#8221; box_shadow_vertical__hover=&#8221;50px&#8221; box_shadow_vertical__hover_enabled=&#8221;on&#8221; box_shadow_blur__hover=&#8221;180px&#8221; box_shadow_blur__hover_enabled=&#8221;on&#8221;][et_pb_column type=&#8221;1_2&#8243; _builder_version=&#8221;4.16&#8243; custom_padding=&#8221;|||&#8221; global_colors_info=&#8221;{}&#8221; custom_padding__hover=&#8221;|||&#8221;][et_pb_text _builder_version=&#8221;4.16&#8243; text_font=&#8221;||||||||&#8221; text_line_height=&#8221;2em&#8221; header_font=&#8221;||||||||&#8221; header_2_font=&#8221;Poppins|600|||||||&#8221; header_2_font_size=&#8221;40px&#8221; header_2_line_height=&#8221;1.4em&#8221; header_3_font=&#8221;Poppins|600||on|||||&#8221; header_3_text_color=&#8221;#ff885a&#8221; header_3_font_size=&#8221;13px&#8221; header_3_letter_spacing=&#8221;2px&#8221; header_3_line_height=&#8221;1.8em&#8221; max_width=&#8221;700px&#8221; header_2_font_size_tablet=&#8221;26px&#8221; header_2_font_size_phone=&#8221;20px&#8221; header_2_font_size_last_edited=&#8221;on|phone&#8221; global_colors_info=&#8221;{}&#8221; header_2_font_size__hover=&#8221;26px&#8221; header_2_font_size__hover_enabled=&#8221;26px&#8221; header_2_letter_spacing__hover=&#8221;0px&#8221; header_2_letter_spacing__hover_enabled=&#8221;0px&#8221; header_2_line_height__hover=&#8221;1em&#8221; header_2_line_height__hover_enabled=&#8221;1em&#8221; header_2_text_shadow_style__hover=&#8221;none&#8221; header_2_text_shadow_style__hover_enabled=&#8221;none&#8221; header_2_text_shadow_color__hover=&#8221;rgba(0,0,0,0.4)&#8221; header_2_text_shadow_color__hover_enabled=&#8221;rgba(0,0,0,0.4)&#8221;]<\/p>\n<h3>Subscribe &amp; Follow<\/h3>\n<h2>\u00a0\u0110\u0103ng k\u00fd tham gia c\u1ed9ng \u0111\u1ed3ng AI mi\u1ec5n ph\u00ed<\/h2>\n<p>&nbsp;<\/p>\n<p>[\/et_pb_text][et_pb_social_media_follow _builder_version=&#8221;4.16&#8243; border_radii=&#8221;on|100px|100px|100px|100px&#8221; locked=&#8221;off&#8221; global_colors_info=&#8221;{}&#8221;][et_pb_social_media_follow_network social_network=&#8221;twitter&#8221; _builder_version=&#8221;4.16&#8243; background_color=&#8221;#ff885a&#8221; custom_margin=&#8221;|4px||4px||true&#8221; custom_padding=&#8221;8px|8px|8px|8px|true|true&#8221; global_colors_info=&#8221;{}&#8221; follow_button=&#8221;off&#8221; url_new_window=&#8221;on&#8221;]facebook[\/et_pb_social_media_follow_network][et_pb_social_media_follow_network social_network=&#8221;facebook&#8221; _builder_version=&#8221;4.16&#8243; background_color=&#8221;#ff885a&#8221; custom_margin=&#8221;|4px||4px||true&#8221; custom_padding=&#8221;8px|8px|8px|8px|true|true&#8221; global_colors_info=&#8221;{}&#8221; follow_button=&#8221;off&#8221; url_new_window=&#8221;on&#8221;]facebook[\/et_pb_social_media_follow_network][et_pb_social_media_follow_network social_network=&#8221;youtube&#8221; _builder_version=&#8221;4.16&#8243; background_color=&#8221;#ff885a&#8221; custom_margin=&#8221;|4px||4px||true&#8221; custom_padding=&#8221;8px|8px|8px|8px|true|true&#8221; global_colors_info=&#8221;{}&#8221; follow_button=&#8221;off&#8221; url_new_window=&#8221;on&#8221;]youtube[\/et_pb_social_media_follow_network][\/et_pb_social_media_follow][\/et_pb_column][et_pb_column type=&#8221;1_2&#8243; _builder_version=&#8221;4.16&#8243; custom_padding=&#8221;|||&#8221; global_colors_info=&#8221;{}&#8221; custom_padding__hover=&#8221;|||&#8221;][et_pb_signup mailchimp_list=&#8221;elegantthemestest|26e9af0331&#8243; name_field=&#8221;on&#8221; title=&#8221;Your Title Goes Here&#8221; button_text=&#8221;\u0110\u0103ng k\u00fd&#8221; _builder_version=&#8221;4.27.4&#8243; form_field_background_color=&#8221;rgba(211,221,237,0.22)&#8221; form_field_font=&#8221;Open Sans||||||||&#8221; form_field_line_height=&#8221;2em&#8221; use_background_color=&#8221;off&#8221; custom_button=&#8221;on&#8221; button_text_size=&#8221;16px&#8221; button_text_color=&#8221;#ffffff&#8221; button_bg_color=&#8221;#091c4f&#8221; button_border_width=&#8221;10px&#8221; button_border_color=&#8221;rgba(0,0,0,0)&#8221; button_border_radius=&#8221;100px&#8221; button_letter_spacing=&#8221;2px&#8221; button_font=&#8221;Poppins|600|||||||&#8221; button_use_icon=&#8221;off&#8221; box_shadow_style_button=&#8221;preset3&#8243; box_shadow_vertical_button=&#8221;20px&#8221; box_shadow_blur_button=&#8221;80px&#8221; box_shadow_spread_button=&#8221;-20px&#8221; locked=&#8221;off&#8221; global_colors_info=&#8221;{}&#8221; button_text_size__hover_enabled=&#8221;off&#8221; button_text_color__hover_enabled=&#8221;off&#8221; button_bg_color__hover_enabled=&#8221;off&#8221; button_border_width__hover_enabled=&#8221;off&#8221; button_border_color__hover_enabled=&#8221;off&#8221; button_border_radius__hover_enabled=&#8221;off&#8221; button_letter_spacing__hover=&#8221;2px&#8221; button_letter_spacing__hover_enabled=&#8221;on&#8221;][\/et_pb_signup][\/et_pb_column][\/et_pb_row][\/et_pb_section][et_pb_section fb_built=&#8221;1&#8243; _builder_version=&#8221;4.27.4&#8243; _module_preset=&#8221;default&#8221; global_colors_info=&#8221;{}&#8221;][\/et_pb_section]<\/p>\n","protected":false},"excerpt":{"rendered":"<p>H\u1ecdc AI d\u1ec5 hi\u1ec3u \u2013 \u1ee8ng d\u1ee5ng ngay v\u00e0o c\u00f4ng vi\u1ec7c!T\u00e0i nguy\u00ean gi\u00fap b\u1ea1n b\u1eaft \u0111\u1ea7u v\u1edbi AI, kh\u00f4ng c\u1ea7n n\u1ec1n t\u1ea3ng l\u1eadp tr\u00ecnh.T\u00f4i c\u00f3 h\u01a1n 10 n\u0103m trong ng\u00e0nh IT \u2013 t\u1eeb l\u1eadp tr\u00ecnh vi\u00ean, k\u1ef9 s\u01b0 c\u1ea7u n\u1ed1i, qu\u1ea3n l\u00fd d\u1ef1 \u00e1n \u0111\u1ebfn CEO c\u00f4ng ty ph\u1ea7n m\u1ec1m chuy\u00ean cho th\u1ecb tr\u01b0\u1eddng Nh\u1eadt.Ch\u00fang [&hellip;]<\/p>\n","protected":false},"author":1,"featured_media":0,"parent":0,"menu_order":0,"comment_status":"closed","ping_status":"closed","template":"","meta":{"_et_pb_use_builder":"on","_et_pb_old_content":"","_et_gb_content_width":"","footnotes":""},"class_list":["post-214572","page","type-page","status-publish","hentry"],"yoast_head":"<!-- This site is optimized with the Yoast SEO plugin v27.4 - https:\/\/yoast.com\/product\/yoast-seo-wordpress\/ -->\n<title>Home - baro&#039;s website<\/title>\n<meta name=\"robots\" content=\"index, follow, max-snippet:-1, max-image-preview:large, max-video-preview:-1\" \/>\n<link rel=\"canonical\" href=\"https:\/\/baronguyen.com\/\" \/>\n<meta property=\"og:locale\" content=\"en_US\" \/>\n<meta property=\"og:type\" content=\"article\" \/>\n<meta property=\"og:title\" content=\"Home - baro&#039;s website\" \/>\n<meta property=\"og:description\" content=\"H\u1ecdc AI d\u1ec5 hi\u1ec3u \u2013 \u1ee8ng d\u1ee5ng ngay v\u00e0o c\u00f4ng vi\u1ec7c!T\u00e0i nguy\u00ean gi\u00fap b\u1ea1n b\u1eaft \u0111\u1ea7u v\u1edbi AI, kh\u00f4ng c\u1ea7n n\u1ec1n t\u1ea3ng l\u1eadp tr\u00ecnh.T\u00f4i c\u00f3 h\u01a1n 10 n\u0103m trong ng\u00e0nh IT \u2013 t\u1eeb l\u1eadp tr\u00ecnh vi\u00ean, k\u1ef9 s\u01b0 c\u1ea7u n\u1ed1i, qu\u1ea3n l\u00fd d\u1ef1 \u00e1n \u0111\u1ebfn CEO c\u00f4ng ty ph\u1ea7n m\u1ec1m chuy\u00ean cho th\u1ecb tr\u01b0\u1eddng Nh\u1eadt.Ch\u00fang [&hellip;]\" \/>\n<meta property=\"og:url\" content=\"https:\/\/baronguyen.com\/\" \/>\n<meta property=\"og:site_name\" content=\"baro&#039;s website\" \/>\n<meta property=\"article:modified_time\" content=\"2025-05-12T06:30:18+00:00\" \/>\n<meta name=\"twitter:card\" content=\"summary_large_image\" \/>\n<meta name=\"twitter:label1\" content=\"Est. reading time\" \/>\n\t<meta name=\"twitter:data1\" content=\"11 minutes\" \/>\n<script type=\"application\/ld+json\" class=\"yoast-schema-graph\">{\"@context\":\"https:\\\/\\\/schema.org\",\"@graph\":[{\"@type\":\"WebPage\",\"@id\":\"https:\\\/\\\/baronguyen.com\\\/\",\"url\":\"https:\\\/\\\/baronguyen.com\\\/\",\"name\":\"Home - baro&#039;s website\",\"isPartOf\":{\"@id\":\"https:\\\/\\\/baronguyen.com\\\/#website\"},\"datePublished\":\"2025-05-04T02:10:37+00:00\",\"dateModified\":\"2025-05-12T06:30:18+00:00\",\"breadcrumb\":{\"@id\":\"https:\\\/\\\/baronguyen.com\\\/#breadcrumb\"},\"inLanguage\":\"en-US\",\"potentialAction\":[{\"@type\":\"ReadAction\",\"target\":[\"https:\\\/\\\/baronguyen.com\\\/\"]}]},{\"@type\":\"BreadcrumbList\",\"@id\":\"https:\\\/\\\/baronguyen.com\\\/#breadcrumb\",\"itemListElement\":[{\"@type\":\"ListItem\",\"position\":1,\"name\":\"Home\",\"item\":\"https:\\\/\\\/baronguyen.com\\\/\"},{\"@type\":\"ListItem\",\"position\":2,\"name\":\"Home\"}]},{\"@type\":\"WebSite\",\"@id\":\"https:\\\/\\\/baronguyen.com\\\/#website\",\"url\":\"https:\\\/\\\/baronguyen.com\\\/\",\"name\":\"baro&#039;s website\",\"description\":\"\",\"potentialAction\":[{\"@type\":\"SearchAction\",\"target\":{\"@type\":\"EntryPoint\",\"urlTemplate\":\"https:\\\/\\\/baronguyen.com\\\/?s={search_term_string}\"},\"query-input\":{\"@type\":\"PropertyValueSpecification\",\"valueRequired\":true,\"valueName\":\"search_term_string\"}}],\"inLanguage\":\"en-US\"}]}<\/script>\n<!-- \/ Yoast SEO plugin. -->","yoast_head_json":{"title":"Home - baro&#039;s website","robots":{"index":"index","follow":"follow","max-snippet":"max-snippet:-1","max-image-preview":"max-image-preview:large","max-video-preview":"max-video-preview:-1"},"canonical":"https:\/\/baronguyen.com\/","og_locale":"en_US","og_type":"article","og_title":"Home - baro&#039;s website","og_description":"H\u1ecdc AI d\u1ec5 hi\u1ec3u \u2013 \u1ee8ng d\u1ee5ng ngay v\u00e0o c\u00f4ng vi\u1ec7c!T\u00e0i nguy\u00ean gi\u00fap b\u1ea1n b\u1eaft \u0111\u1ea7u v\u1edbi AI, kh\u00f4ng c\u1ea7n n\u1ec1n t\u1ea3ng l\u1eadp tr\u00ecnh.T\u00f4i c\u00f3 h\u01a1n 10 n\u0103m trong ng\u00e0nh IT \u2013 t\u1eeb l\u1eadp tr\u00ecnh vi\u00ean, k\u1ef9 s\u01b0 c\u1ea7u n\u1ed1i, qu\u1ea3n l\u00fd d\u1ef1 \u00e1n \u0111\u1ebfn CEO c\u00f4ng ty ph\u1ea7n m\u1ec1m chuy\u00ean cho th\u1ecb tr\u01b0\u1eddng Nh\u1eadt.Ch\u00fang [&hellip;]","og_url":"https:\/\/baronguyen.com\/","og_site_name":"baro&#039;s website","article_modified_time":"2025-05-12T06:30:18+00:00","twitter_card":"summary_large_image","twitter_misc":{"Est. reading time":"11 minutes"},"schema":{"@context":"https:\/\/schema.org","@graph":[{"@type":"WebPage","@id":"https:\/\/baronguyen.com\/","url":"https:\/\/baronguyen.com\/","name":"Home - baro&#039;s website","isPartOf":{"@id":"https:\/\/baronguyen.com\/#website"},"datePublished":"2025-05-04T02:10:37+00:00","dateModified":"2025-05-12T06:30:18+00:00","breadcrumb":{"@id":"https:\/\/baronguyen.com\/#breadcrumb"},"inLanguage":"en-US","potentialAction":[{"@type":"ReadAction","target":["https:\/\/baronguyen.com\/"]}]},{"@type":"BreadcrumbList","@id":"https:\/\/baronguyen.com\/#breadcrumb","itemListElement":[{"@type":"ListItem","position":1,"name":"Home","item":"https:\/\/baronguyen.com\/"},{"@type":"ListItem","position":2,"name":"Home"}]},{"@type":"WebSite","@id":"https:\/\/baronguyen.com\/#website","url":"https:\/\/baronguyen.com\/","name":"baro&#039;s website","description":"","potentialAction":[{"@type":"SearchAction","target":{"@type":"EntryPoint","urlTemplate":"https:\/\/baronguyen.com\/?s={search_term_string}"},"query-input":{"@type":"PropertyValueSpecification","valueRequired":true,"valueName":"search_term_string"}}],"inLanguage":"en-US"}]}},"jetpack_sharing_enabled":true,"_links":{"self":[{"href":"https:\/\/baronguyen.com\/index.php\/wp-json\/wp\/v2\/pages\/214572","targetHints":{"allow":["GET"]}}],"collection":[{"href":"https:\/\/baronguyen.com\/index.php\/wp-json\/wp\/v2\/pages"}],"about":[{"href":"https:\/\/baronguyen.com\/index.php\/wp-json\/wp\/v2\/types\/page"}],"author":[{"embeddable":true,"href":"https:\/\/baronguyen.com\/index.php\/wp-json\/wp\/v2\/users\/1"}],"replies":[{"embeddable":true,"href":"https:\/\/baronguyen.com\/index.php\/wp-json\/wp\/v2\/comments?post=214572"}],"version-history":[{"count":39,"href":"https:\/\/baronguyen.com\/index.php\/wp-json\/wp\/v2\/pages\/214572\/revisions"}],"predecessor-version":[{"id":216326,"href":"https:\/\/baronguyen.com\/index.php\/wp-json\/wp\/v2\/pages\/214572\/revisions\/216326"}],"wp:attachment":[{"href":"https:\/\/baronguyen.com\/index.php\/wp-json\/wp\/v2\/media?parent=214572"}],"curies":[{"name":"wp","href":"https:\/\/api.w.org\/{rel}","templated":true}]}}